{"id":42,"date":"2015-04-27T02:51:27","date_gmt":"2015-04-27T01:51:27","guid":{"rendered":"http:\/\/www.payne.cz\/WP15\/?page_id=42"},"modified":"2019-11-21T22:58:58","modified_gmt":"2019-11-21T21:58:58","slug":"zivotopis","status":"publish","type":"page","link":"https:\/\/www.payne.cz\/WP15\/zivotopis\/","title":{"rendered":"\u017divotopis"},"content":{"rendered":"<h3 style=\"text-align: center;\"><span style=\"color: #027058;\">RNDr. Ji\u0159\u00ed Tom\u00e1\u0161 PAYNE<\/span><br \/>\n<span style=\"color: #027058;\"> Curriculum Vitae<\/span><\/h3>\n<p style=\"text-align: justify;\">Ji\u0159\u00ed Tom\u00e1\u0161 Payne poch\u00e1z\u00ed z Kr\u00e1lovsk\u00fdch Vinohrad v Praze, kde se narodil 7. \u010dervence 1956. Jeho otec Harry Donald Payne byl americk\u00e9ho p\u016fvodu a kv\u016fli s\u0148atku s \u010ce\u0161kou se vzdal americk\u00e9ho ob\u010danstv\u00ed, jeliko\u017e bylo v t\u00e9 dob\u011b dvoj\u00ed ob\u010danstv\u00ed vylou\u010deno bilater\u00e1ln\u00ed smlouvou.<\/p>\n<div id=\"attachment_59\" style=\"width: 215px\" class=\"wp-caption alignright\"><img loading=\"lazy\" decoding=\"async\" aria-describedby=\"caption-attachment-59\" class=\"wp-image-59 size-medium\" src=\"http:\/\/www.payne.cz\/WP15\/wp-content\/uploads\/2015\/04\/untitled92i-205x300.jpg\" alt=\"untitled92i\" width=\"205\" height=\"300\" srcset=\"https:\/\/www.payne.cz\/WP15\/wp-content\/uploads\/2015\/04\/untitled92i-205x300.jpg 205w, https:\/\/www.payne.cz\/WP15\/wp-content\/uploads\/2015\/04\/untitled92i.jpg 684w\" sizes=\"auto, (max-width: 205px) 100vw, 205px\" \/><p id=\"caption-attachment-59\" class=\"wp-caption-text\">Ji\u0159\u00ed Payne jako \u010dlen Foglarovy skautsk\u00e9 Dvojky.<\/p><\/div>\n<p style=\"text-align: justify;\">Ji\u0159\u00ed po ukon\u010den\u00ed z\u00e1kladn\u00ed \u0161koly a humanitn\u00edho gymnasia v Boti\u010dsk\u00e9 ulici v Praze vystudoval jadernou fyziku na Matematicko-Fyzik\u00e1ln\u00ed fakult\u011b University Karlovy. B\u011bhem studia pracoval v \u0158e\u017ei u Prahy jako pomocn\u00e1 v\u011bdeck\u00e1 s\u00edla v \u00dastavu jadern\u00e9 fyziky, kde tak\u00e9 vypracoval svou diplomovou pr\u00e1ci. Po dokon\u010den\u00ed studia v roce 1981 a po slo\u017een\u00ed z\u00e1v\u011bre\u010dn\u00fdch zkou\u0161ek mu fakulta odm\u00edtla vydat diplom kv\u016fli jeho n\u00e1bo\u017eensk\u00e9mu vyzn\u00e1n\u00ed a politick\u00fdm aktivit\u00e1m, tak\u017ee nesm\u011bl jako fyzik pracovat. P\u0159\u00edpad evidovala Amnesty International jako poru\u0161ov\u00e1n\u00ed lidsk\u00fdch pr\u00e1v v \u010ceskoslovensku. Promoci m\u011bl Ji\u0159\u00ed na Universit\u011b Karlov\u011b a\u017e po roce 1989.<\/p>\n<p style=\"text-align: justify;\">A\u010dkoliv se pokou\u0161el naj\u00edt uplatn\u011bn\u00ed jako jadern\u00fd fyzik p\u0159es v\u00fdslovn\u00e9 varov\u00e1n\u00ed z \u00fast nejvy\u0161\u0161\u00edch p\u0159edstavitel\u016f Karlovy univerzity, jeho \u00fasil\u00ed bylo v\u017edy ne\u00fasp\u011b\u0161n\u00e9. V roce 1981 za\u010dal pracovat jako program\u00e1tor a lektor programov\u00e1n\u00ed. Kv\u016fli dal\u0161\u00edmu pron\u00e1sledov\u00e1n\u00ed pracoval od roku 1984 jako pe\u010dovatel v domov\u011b d\u016fchodc\u016f a od roku 1986 jako topi\u010d.<\/p>\n<p style=\"text-align: justify;\">\u0158adu let nav\u0161t\u011bvoval teologick\u00e9 a filosofick\u00e9 semin\u00e1\u0159e takzvan\u00e9 \u201aPato\u010dkovy university\u2018, kter\u00e9 se konaly navzdory pron\u00e1sledov\u00e1n\u00ed pravideln\u011b v n\u011bkolika soukrom\u00fdch bytech. Ve vlastn\u00edm byt\u011b organizoval po dobu n\u011bkolika let kurzy hebrej\u0161tiny.<\/p>\n<div id=\"attachment_61\" style=\"width: 320px\" class=\"wp-caption alignleft\"><img loading=\"lazy\" decoding=\"async\" aria-describedby=\"caption-attachment-61\" class=\" wp-image-61\" src=\"http:\/\/www.payne.cz\/WP15\/wp-content\/uploads\/2015\/04\/sepie2-300x203.jpg\" alt=\"sepie2\" width=\"310\" height=\"210\" srcset=\"https:\/\/www.payne.cz\/WP15\/wp-content\/uploads\/2015\/04\/sepie2-300x203.jpg 300w, https:\/\/www.payne.cz\/WP15\/wp-content\/uploads\/2015\/04\/sepie2-1024x693.jpg 1024w, https:\/\/www.payne.cz\/WP15\/wp-content\/uploads\/2015\/04\/sepie2-980x664.jpg 980w\" sizes=\"auto, (max-width: 310px) 100vw, 310px\" \/><p id=\"caption-attachment-61\" class=\"wp-caption-text\">Koncem osmdes\u00e1t\u00fdch let pracoval Ji\u0159\u00ed Payne jako topi\u010d<\/p><\/div>\n<p style=\"text-align: justify;\">Od roku 1982 do prosince 1989 sledovala StB Ji\u0159\u00edho pod kryc\u00edm jm\u00e9nem Fyzik. V\u00a0p\u0159\u00edpad\u011b spu\u0161t\u011bn\u00ed bezpe\u010dnostn\u00edch opat\u0159en\u00ed zn\u00e1m\u00fdch jako \u201aakce Norbert, Vlna a Z\u00e1sah\u2018 m\u011bl b\u00fdt Ji\u0159\u00ed mezi prvn\u00edmi deportov\u00e1n do koncentra\u010dn\u00edho t\u00e1bora jako osoba pro komunistick\u00fd re\u017eim \u201azvl\u00e1\u0161t\u011b nebezpe\u010dn\u00e1\u2018.<\/p>\n<p style=\"text-align: justify;\">V roce 1988 v pr\u016fb\u011bhu politick\u00fdch demonstrac\u00ed byl zadr\u017een polici\u00ed a obvin\u011bn z podn\u011bcov\u00e1n\u00ed a organizov\u00e1n\u00ed demonstrac\u00ed. T\u0159in\u00e1ctim\u011bs\u00ed\u010dn\u00ed trestn\u00ed st\u00edh\u00e1n\u00ed bylo po p\u00e1du komunistick\u00e9ho re\u017eimu zastaveno n\u011bkolik dn\u016f p\u0159ed prosincovou \u201aHus\u00e1kovou amnesti\u00ed\u2018. V t\u00e9 dob\u011b Ji\u0159\u00ed pracoval tak\u00e9 jako zpravodaj VONSu p\u0159i soudn\u00edch jedn\u00e1n\u00edch a p\u0159i podpo\u0159e st\u00edhan\u00fdch, pod\u00edlel se na dal\u0161\u00edch politick\u00fdch aktivit\u00e1ch.<\/p>\n<p style=\"text-align: justify;\">V prvn\u00edch demokratick\u00fdch volb\u00e1ch v \u010dervnu 1990 byl zvolen do \u010cesk\u00e9 n\u00e1rodn\u00ed rady jako poslanec Ob\u010dansk\u00e9ho f\u00f3ra. Stal se m\u00edstop\u0159edsedou zahrani\u010dn\u00edho v\u00fdboru a pod\u00edlel se na zpracov\u00e1n\u00ed n\u011bkolika n\u00e1vrh\u016f \u00fastav, vedl skupinu pro vztahy v\u00fdkonn\u00e9 a z\u00e1konod\u00e1rn\u00e9 moci.<\/p>\n<p style=\"text-align: justify;\">V \u010cNR v z\u00e1\u0159\u00ed 1990 spoluzakl\u00e1dal Meziparlamentn\u00ed klub demokratick\u00e9 pravice, kter\u00fd se vzep\u0159el levicov\u00e9 orientaci OF, mezi sv\u00fdmi prioritami m\u011bl MKDP orientaci na\u0161\u00ed obrann\u00e9 politiky na NATO. Ji\u0159\u00ed byl zvolen do jeho veden\u00ed. Kr\u00e1tce nato se Ji\u0159\u00ed stal \u010dlenem p\u0159\u00edpravn\u00e9ho v\u00fdboru pro zalo\u017een\u00ed ODS a s V\u00e1clavem Klausem byl spoluzakladatelem ODS.<\/p>\n<p style=\"text-align: justify;\">V roce 1992 byl znovu zvolen do Poslaneck\u00e9 sn\u011bmovny Parlamentu za Ob\u010danskou demokratickou stranu a stal se p\u0159edsedou zahrani\u010dn\u00edho v\u00fdboru. Tak\u00e9 v tomto obdob\u00ed pokra\u010doval v \u00fa\u010dasti na formulov\u00e1n\u00ed \u010desk\u00e9 \u00dastavy v r\u00e1mci \u00fastavn\u00ed komise.<\/p>\n<p style=\"text-align: justify;\">V roce 1992 obdr\u017eel pozv\u00e1n\u00ed do USA a stipendium americk\u00e9 vl\u00e1dy ke studiu v USA zam\u011b\u0159en\u00e9m na zahrani\u010dn\u00ed politiku.<\/p>\n<p style=\"text-align: justify;\">P\u016fsobil jako vedouc\u00ed st\u00e1l\u00e9 delegace do Evropsk\u00e9ho parlamentu a jako \u010dlen delegace do OBSE.<\/p>\n<div id=\"attachment_62\" style=\"width: 324px\" class=\"wp-caption alignright\"><img loading=\"lazy\" decoding=\"async\" aria-describedby=\"caption-attachment-62\" class=\"wp-image-62\" src=\"http:\/\/www.payne.cz\/WP15\/wp-content\/uploads\/2015\/04\/Payne-byl-prvn\u00edm-politikem-u-\u010desk\u00fdch-jednotek-v-zahrani\u010d\u00ed-q-300x209.jpg\" alt=\"\" width=\"314\" height=\"219\" srcset=\"https:\/\/www.payne.cz\/WP15\/wp-content\/uploads\/2015\/04\/Payne-byl-prvn\u00edm-politikem-u-\u010desk\u00fdch-jednotek-v-zahrani\u010d\u00ed-q-300x209.jpg 300w, https:\/\/www.payne.cz\/WP15\/wp-content\/uploads\/2015\/04\/Payne-byl-prvn\u00edm-politikem-u-\u010desk\u00fdch-jednotek-v-zahrani\u010d\u00ed-q-1024x714.jpg 1024w, https:\/\/www.payne.cz\/WP15\/wp-content\/uploads\/2015\/04\/Payne-byl-prvn\u00edm-politikem-u-\u010desk\u00fdch-jednotek-v-zahrani\u010d\u00ed-q-980x684.jpg 980w\" sizes=\"auto, (max-width: 314px) 100vw, 314px\" \/><p id=\"caption-attachment-62\" class=\"wp-caption-text\">Ji\u0159\u00ed Payne byl prvn\u00edm \u010desk\u00fdm politikem, kter\u00fd nav\u0161t\u00edvil \u010desk\u00e9 m\u00edrov\u00e9 jednotky v Bosn\u011b<\/p><\/div>\n<p style=\"text-align: justify;\">V roce 1996 byl op\u011bt zvolen do Poslaneck\u00e9 sn\u011bmovny, stal se m\u00edstop\u0159edsedou zahrani\u010dn\u00edho v\u00fdboru, vedouc\u00edm st\u00e1l\u00e9 delegace do NATO a byl \u010dlenem delegace do OBSE. Na ministerstvu obrany p\u016fsobil ve funkci n\u00e1m\u011bstka ministra a \u0159\u00eddil sekci zahrani\u010dn\u00edch vztah\u016f, kter\u00e1 koordinovala p\u0159\u00edstupov\u00e1 jedn\u00e1n\u00ed do NATO.<\/p>\n<p style=\"text-align: justify;\">V roce 1996 p\u0159ipravoval celost\u00e1tn\u00ed volebn\u00ed kampa\u0148 ODS do Sen\u00e1tu a koordinoval ji.<\/p>\n<p style=\"text-align: justify;\">Znovu byl zvolen do Poslaneck\u00e9 sn\u011bmovny v roce 1998 a nad\u00e1le p\u016fsobil ve funkci m\u00edstop\u0159edsedy zahrani\u010dn\u00edho v\u00fdboru a vedl st\u00e1lou delegaci do NATO a p\u016fsobil v delegaci OBSE.<\/p>\n<p style=\"text-align: justify;\">Po skon\u010den\u00ed poslaneck\u00e9ho mand\u00e1tu se v\u011bnoval spr\u00e1v\u011b rodinn\u00e9ho majetku. V roce 2004 dostal pozv\u00e1n\u00ed od presidenta V\u00e1clava Klause, aby se stal jeho extern\u00edm politick\u00fdm poradcem.<\/p>\n<p style=\"text-align: justify;\">V roce 2007 zalo\u017eil spolu se svou man\u017eelkou Janou akciovou spole\u010dnost Coventina, kter\u00e1 na \u010d\u00e1sti rodinn\u00fdch pozemk\u016f rozv\u00edj\u00ed developersk\u00fd projekt.<\/p>\n<p style=\"text-align: justify;\">P\u016fsobil jako poradce europoslance Petra Macha a po jeho odstoupen\u00ed se stal poslancem EP, kde p\u016fsobil do roku 2019.<\/p>\n<p style=\"text-align: justify;\">Ji\u0159\u00ed hovo\u0159\u00ed n\u011bmecky, anglicky a rusky, \u010d\u00e1ste\u010dn\u011b polsky, \u010d\u00e1ste\u010dn\u011b francouzsky, z klasick\u00fdch jazyk\u016f studoval latinu, \u0159e\u010dtinu a hebrej\u0161tinu. Zaj\u00edm\u00e1 se krom\u011b politiky o teologii, religionistiku, filosofii a psychologii.<\/p>\n<p>&nbsp;<\/p>\n<p>&nbsp;<\/p>\n","protected":false},"excerpt":{"rendered":"<p>RNDr. Ji\u0159\u00ed Tom\u00e1\u0161 PAYNE Curriculum Vitae Ji\u0159\u00ed Tom\u00e1\u0161 Payne poch\u00e1z\u00ed z Kr\u00e1lovsk\u00fdch Vinohrad v Praze, kde se narodil 7. \u010dervence 1956. Jeho otec Harry Donald Payne byl americk\u00e9ho p\u016fvodu a&#8230; <a class=\"read-more-button\" href=\"https:\/\/www.payne.cz\/WP15\/zivotopis\/\">\u010c\u00edst v\u00edce &gt;<\/a><\/p>\n","protected":false},"author":1,"featured_media":0,"parent":0,"menu_order":0,"comment_status":"closed","ping_status":"closed","template":"template-without-comments.php","meta":{"ngg_post_thumbnail":0,"_monsterinsights_skip_tracking":false,"_monsterinsights_sitenote_active":false,"_monsterinsights_sitenote_note":"","_monsterinsights_sitenote_category":0,"footnotes":""},"class_list":["post-42","page","type-page","status-publish","hentry"],"_links":{"self":[{"href":"https:\/\/www.payne.cz\/WP15\/wp-json\/wp\/v2\/pages\/42","targetHints":{"allow":["GET"]}}],"collection":[{"href":"https:\/\/www.payne.cz\/WP15\/wp-json\/wp\/v2\/pages"}],"about":[{"href":"https:\/\/www.payne.cz\/WP15\/wp-json\/wp\/v2\/types\/page"}],"author":[{"embeddable":true,"href":"https:\/\/www.payne.cz\/WP15\/wp-json\/wp\/v2\/users\/1"}],"replies":[{"embeddable":true,"href":"https:\/\/www.payne.cz\/WP15\/wp-json\/wp\/v2\/comments?post=42"}],"version-history":[{"count":7,"href":"https:\/\/www.payne.cz\/WP15\/wp-json\/wp\/v2\/pages\/42\/revisions"}],"predecessor-version":[{"id":1875,"href":"https:\/\/www.payne.cz\/WP15\/wp-json\/wp\/v2\/pages\/42\/revisions\/1875"}],"wp:attachment":[{"href":"https:\/\/www.payne.cz\/WP15\/wp-json\/wp\/v2\/media?parent=42"}],"curies":[{"name":"wp","href":"https:\/\/api.w.org\/{rel}","templated":true}]}}